{"id":3183,"date":"2024-08-21T15:43:45","date_gmt":"2024-08-21T15:43:45","guid":{"rendered":"https:\/\/connectionsnmhi.ualberta.ca\/?page_id=3183"},"modified":"2024-09-24T20:05:18","modified_gmt":"2024-09-24T20:05:18","slug":"vangogh-2","status":"publish","type":"page","link":"https:\/\/connectionsnmhi.ualberta.ca\/?page_id=3183","title":{"rendered":"T\u00eate \u00e0 T\u00eate Maril\u00e8ne Oliver"},"content":{"rendered":"\n<hr class=\"wp-block-separator has-text-color has-css-opacity has-background alignwide\" style=\"background-color:#a14a9c;color:#a14a9c\"\/>\n\n\n\n<div class=\"wp-block-columns alignwide is-layout-flex wp-container-core-columns-is-layout-06a40c99 wp-block-columns-is-layout-flex\" style=\"padding-top:2px;padding-right:2px;padding-bottom:2px;padding-left:2px\">\n<div class=\"wp-block-column is-layout-flow wp-block-column-is-layout-flow\" style=\"flex-basis:60%\">\n<figure class=\"wp-block-embed is-type-video is-provider-youtube wp-block-embed-youtube wp-embed-aspect-16-9 wp-has-aspect-ratio\"><div class=\"wp-block-embed__wrapper\">\n<iframe loading=\"lazy\" title=\"Tete a Tete - Marilene Oliver\" width=\"750\" height=\"422\" src=\"https:\/\/www.youtube.com\/embed\/Vo2KesDNWLI?feature=oembed\" frameborder=\"0\" allow=\"accelerometer; autoplay; clipboard-write; encrypted-media; gyroscope; picture-in-picture; web-share\" referrerpolicy=\"strict-origin-when-cross-origin\" allowfullscreen><\/iframe>\n<\/div><\/figure>\n<\/div>\n\n\n\n<div class=\"wp-block-column is-vertically-aligned-bottom is-layout-flow wp-block-column-is-layout-flow\" style=\"flex-basis:40%\">\n<h4 class=\"wp-block-heading has-normal-font-size\" id=\"vortex\">T\u00eate \u00e0 T\u00eate<\/h4>\n\n\n\n<p style=\"line-height:1\"><a href=\"https:\/\/connectionsnmhi.ualberta.ca\/?page_id=3439\">Maril\u00e8ne Oliver<\/a><\/p>\n\n\n\n<p class=\"has-extra-small-font-size\" style=\"line-height:1.5\">Screen recording of VR artwork<\/p>\n\n\n\n<p class=\"has-small-font-size\">This is a recording of<em> T\u00eate-\u00e0-T\u00eate, <\/em>a VR artwork made using an MRI and CT brain scan.&nbsp;The scans are placed face to face, as if in a private conversation. Embedded into the CT scan (right) are models of blood flow and text from an automated brain analysis software called Freesurfer that segments the brain into functional areas. In the MR brain scan (left) is the model of the segmented brain. Keywords relating to the different functional areas arise from the brain segments. This interactive VR environment allows the heads to be dissected and inspected in a virtual voyage to discover the human brain physiology.<\/p>\n<\/div>\n<\/div>\n\n\n\n<div style=\"height:122px\" aria-hidden=\"true\" class=\"wp-block-spacer\"><\/div>\n\n\n\n<div class=\"wp-block-columns alignwide is-layout-flex wp-container-core-columns-is-layout-9d6595d7 wp-block-columns-is-layout-flex\">\n<div class=\"wp-block-column is-layout-flow wp-block-column-is-layout-flow\">\n<div class=\"wp-block-media-text alignwide is-stacked-on-mobile\" style=\"grid-template-columns:15% auto\"><figure class=\"wp-block-media-text__media\"><a href=\"https:\/\/connectionsnmhi.ualberta.ca\/?page_id=730\"><img loading=\"lazy\" decoding=\"async\" width=\"116\" height=\"35\" src=\"https:\/\/connectionsnmhi.ualberta.ca\/wp-content\/uploads\/2022\/03\/arrow-L.png\" alt=\"\" class=\"wp-image-869 size-full\"\/><\/a><\/figure><div class=\"wp-block-media-text__content\">\n<p class=\"has-text-align-left pinkhover italic has-large-font-size\"><a href=\"https:\/\/connectionsnmhi.ualberta.ca\/?page_id=730\">Immobile Choreography<\/a><\/p>\n<\/div><\/div>\n<\/div>\n\n\n\n<div class=\"wp-block-column is-layout-flow wp-block-column-is-layout-flow\" style=\"padding-top:0px;padding-right:0px;padding-bottom:0px;padding-left:0px\">\n<div class=\"wp-block-media-text alignwide has-media-on-the-right is-stacked-on-mobile\" style=\"grid-template-columns:auto 15%\"><div class=\"wp-block-media-text__content\">\n<p class=\"has-text-align-right pinkhover italic has-large-font-size\"><a href=\"https:\/\/connectionsnmhi.ualberta.ca\/?page_id=827\">Light Touch<\/a><\/p>\n<\/div><figure class=\"wp-block-media-text__media\"><a href=\"https:\/\/connectionsnmhi.ualberta.ca\/?page_id=827\"><img loading=\"lazy\" decoding=\"async\" width=\"116\" height=\"35\" src=\"https:\/\/connectionsnmhi.ualberta.ca\/wp-content\/uploads\/2022\/03\/arrow-R-1.png\" alt=\"\" class=\"wp-image-870 size-full\"\/><\/a><\/figure><\/div>\n<\/div>\n<\/div>\n","protected":false},"excerpt":{"rendered":"<p>T\u00eate \u00e0 T\u00eate Maril\u00e8ne Oliver Screen recording of VR artwork This is a recording of T\u00eate-\u00e0-T\u00eate, a VR artwork made using an MRI and CT brain scan.&nbsp;The scans are placed face to face, as if in a private conversation. Embedded into the CT scan (right) are models of blood flow and text from an automated&hellip; <a class=\"more-link\" href=\"https:\/\/connectionsnmhi.ualberta.ca\/?page_id=3183\">Continue reading <span class=\"screen-reader-text\">T\u00eate \u00e0 T\u00eate Maril\u00e8ne Oliver<\/span><\/a><\/p>\n","protected":false},"author":2,"featured_media":0,"parent":373,"menu_order":3,"comment_status":"closed","ping_status":"closed","template":"","meta":{"footnotes":""},"class_list":["post-3183","page","type-page","status-publish","hentry","entry"],"_links":{"self":[{"href":"https:\/\/connectionsnmhi.ualberta.ca\/index.php?rest_route=\/wp\/v2\/pages\/3183","targetHints":{"allow":["GET"]}}],"collection":[{"href":"https:\/\/connectionsnmhi.ualberta.ca\/index.php?rest_route=\/wp\/v2\/pages"}],"about":[{"href":"https:\/\/connectionsnmhi.ualberta.ca\/index.php?rest_route=\/wp\/v2\/types\/page"}],"author":[{"embeddable":true,"href":"https:\/\/connectionsnmhi.ualberta.ca\/index.php?rest_route=\/wp\/v2\/users\/2"}],"replies":[{"embeddable":true,"href":"https:\/\/connectionsnmhi.ualberta.ca\/index.php?rest_route=%2Fwp%2Fv2%2Fcomments&post=3183"}],"version-history":[{"count":8,"href":"https:\/\/connectionsnmhi.ualberta.ca\/index.php?rest_route=\/wp\/v2\/pages\/3183\/revisions"}],"predecessor-version":[{"id":3474,"href":"https:\/\/connectionsnmhi.ualberta.ca\/index.php?rest_route=\/wp\/v2\/pages\/3183\/revisions\/3474"}],"up":[{"embeddable":true,"href":"https:\/\/connectionsnmhi.ualberta.ca\/index.php?rest_route=\/wp\/v2\/pages\/373"}],"wp:attachment":[{"href":"https:\/\/connectionsnmhi.ualberta.ca\/index.php?rest_route=%2Fwp%2Fv2%2Fmedia&parent=3183"}],"curies":[{"name":"wp","href":"https:\/\/api.w.org\/{rel}","templated":true}]}}