{"id":3726,"date":"2024-11-16T03:41:10","date_gmt":"2024-11-16T03:41:10","guid":{"rendered":"https:\/\/connectionsnmhi.ualberta.ca\/?page_id=3726"},"modified":"2025-07-21T19:08:05","modified_gmt":"2025-07-21T19:08:05","slug":"exhibition-3","status":"publish","type":"page","link":"https:\/\/connectionsnmhi.ualberta.ca\/?page_id=3726","title":{"rendered":"Past Events"},"content":{"rendered":"\n<h2 class=\"wp-block-heading has-text-align-center\"><strong>Past Events<\/strong><\/h2>\n\n\n\n<div class=\"wp-block-columns alignwide is-layout-flex wp-container-core-columns-is-layout-9d6595d7 wp-block-columns-is-layout-flex\">\n<div class=\"wp-block-column is-layout-flow wp-block-column-is-layout-flow\">\n<div class=\"wp-block-cover\"><img loading=\"lazy\" decoding=\"async\" width=\"612\" height=\"612\" class=\"wp-block-cover__image-background wp-image-3774\" alt=\"\" src=\"https:\/\/connectionsnmhi.ualberta.ca\/wp-content\/uploads\/2024\/11\/istockphoto-1219172362-612x612-1.jpg\" data-object-fit=\"cover\" srcset=\"https:\/\/connectionsnmhi.ualberta.ca\/wp-content\/uploads\/2024\/11\/istockphoto-1219172362-612x612-1.jpg 612w, https:\/\/connectionsnmhi.ualberta.ca\/wp-content\/uploads\/2024\/11\/istockphoto-1219172362-612x612-1-300x300.jpg 300w, https:\/\/connectionsnmhi.ualberta.ca\/wp-content\/uploads\/2024\/11\/istockphoto-1219172362-612x612-1-150x150.jpg 150w\" sizes=\"auto, (max-width: 612px) 100vw, 612px\" \/><span aria-hidden=\"true\" class=\"wp-block-cover__background has-background-dim-0 has-background-dim\" style=\"background-color:#26503f\"><\/span><div class=\"wp-block-cover__inner-container is-layout-constrained wp-block-cover-is-layout-constrained\">\n<p class=\"has-text-align-center has-large-font-size\"><\/p>\n<\/div><\/div>\n\n\n\n<h4 class=\"wp-block-heading\"><mark style=\"background-color:rgba(0, 0, 0, 0);color:#c7ef00\" class=\"has-inline-color\">NMHI Public Lecture \u2013 The Art and Science of Brain Rhythms<\/mark><\/h4>\n\n\n\n<p>Scientists Clayton Dickson and Kyle Mathewson, neurologist Janette Mailo, and sound artist Gary James Joynes discussed how rhythms affect our mind and what they can tell us about how the brain works.<\/p>\n\n\n\n<div class=\"wp-block-buttons is-layout-flex wp-block-buttons-is-layout-flex\">\n<div class=\"wp-block-button is-style-outline is-style-outline--1\"><a class=\"wp-block-button__link has-text-color has-link-color wp-element-button\" href=\"https:\/\/connectionsnmhi.ualberta.ca\/?page_id=3818\" style=\"color:#c7ef00\">Watch the Recording<\/a><\/div>\n<\/div>\n<\/div>\n\n\n\n<div class=\"wp-block-column is-layout-flow wp-block-column-is-layout-flow\">\n<div class=\"wp-block-cover is-light\"><img loading=\"lazy\" decoding=\"async\" width=\"2500\" height=\"1654\" class=\"wp-block-cover__image-background wp-image-3450\" alt=\"\" src=\"https:\/\/connectionsnmhi.ualberta.ca\/wp-content\/uploads\/2024\/09\/leavespaintingsmaller.jpg\" data-object-fit=\"cover\" srcset=\"https:\/\/connectionsnmhi.ualberta.ca\/wp-content\/uploads\/2024\/09\/leavespaintingsmaller.jpg 2500w, https:\/\/connectionsnmhi.ualberta.ca\/wp-content\/uploads\/2024\/09\/leavespaintingsmaller-300x198.jpg 300w, https:\/\/connectionsnmhi.ualberta.ca\/wp-content\/uploads\/2024\/09\/leavespaintingsmaller-1024x677.jpg 1024w, https:\/\/connectionsnmhi.ualberta.ca\/wp-content\/uploads\/2024\/09\/leavespaintingsmaller-768x508.jpg 768w, https:\/\/connectionsnmhi.ualberta.ca\/wp-content\/uploads\/2024\/09\/leavespaintingsmaller-1536x1016.jpg 1536w, https:\/\/connectionsnmhi.ualberta.ca\/wp-content\/uploads\/2024\/09\/leavespaintingsmaller-2048x1355.jpg 2048w, https:\/\/connectionsnmhi.ualberta.ca\/wp-content\/uploads\/2024\/09\/leavespaintingsmaller-1568x1037.jpg 1568w\" sizes=\"auto, (max-width: 2500px) 100vw, 2500px\" \/><span aria-hidden=\"true\" class=\"wp-block-cover__background has-background-dim-0 has-background-dim\" style=\"background-color:#997865\"><\/span><div class=\"wp-block-cover__inner-container is-layout-constrained wp-block-cover-is-layout-constrained\">\n<p class=\"has-text-align-center has-large-font-size\"><\/p>\n<\/div><\/div>\n\n\n\n<h4 class=\"wp-block-heading\"><mark style=\"background-color:rgba(0, 0, 0, 0);color:#c7ef00\" class=\"has-inline-color\">CONNECTIONS \u2013 Poetry Evening<\/mark><\/h4>\n\n\n\n<p>Connections partnered with the UofA Days of Action Committee and the Sound Studies Institute for an evening of poetry around themes of mental health, neurological disorders, and wellness. Heather Ritz, a Community Social Worker with Wellness Supports, started with a presentation about <a href=\"https:\/\/ualberta.aviaryplatform.com\/collections\/2208\" target=\"_blank\" rel=\"noreferrer noopener\">Happiness Reflected<\/a>, a multi year project which invites members of the UofA community to submit poems about happiness as a way to open up discussions about mental health. This was followed by readings of some of the <em>Happiness Reflected<\/em> poems by students and alumni submitted in 2025, and then an open session where guests were welcomed to share their poetry with the audience. <\/p>\n<\/div>\n<\/div>\n\n\n\n<div class=\"wp-block-columns alignwide is-layout-flex wp-container-core-columns-is-layout-9d6595d7 wp-block-columns-is-layout-flex\">\n<div class=\"wp-block-column is-layout-flow wp-block-column-is-layout-flow\">\n<div class=\"wp-block-cover\"><img loading=\"lazy\" decoding=\"async\" width=\"612\" height=\"344\" class=\"wp-block-cover__image-background wp-image-3776\" alt=\"\" src=\"https:\/\/connectionsnmhi.ualberta.ca\/wp-content\/uploads\/2024\/11\/istockphoto-1410795105-612x612-1.jpg\" data-object-fit=\"cover\" srcset=\"https:\/\/connectionsnmhi.ualberta.ca\/wp-content\/uploads\/2024\/11\/istockphoto-1410795105-612x612-1.jpg 612w, https:\/\/connectionsnmhi.ualberta.ca\/wp-content\/uploads\/2024\/11\/istockphoto-1410795105-612x612-1-300x169.jpg 300w\" sizes=\"auto, (max-width: 612px) 100vw, 612px\" \/><span aria-hidden=\"true\" class=\"wp-block-cover__background has-background-dim-0 has-background-dim\" style=\"background-color:#997865\"><\/span><div class=\"wp-block-cover__inner-container is-layout-constrained wp-block-cover-is-layout-constrained\">\n<p class=\"has-text-align-center has-large-font-size\"><\/p>\n<\/div><\/div>\n\n\n\n<h4 class=\"wp-block-heading\"><mark style=\"background-color:rgba(0, 0, 0, 0);color:#c7ef00\" class=\"has-inline-color\"><mark style=\"background-color:rgba(0, 0, 0, 0);color:#c7ef00\" class=\"has-inline-color\">NMHI Public Lecture \u2013 The Art and Science of Addiction<\/mark><\/mark><\/h4>\n\n\n\n<p>Scientists Heather Morris and Anna Taylor, clinician scientist Monty Ghosh, artist Tamara Deedman, and lived\/living experience advocate Shanell Twan offered a powerful and thought provoking look at addictions from diverse perspectives.<\/p>\n\n\n\n<div class=\"wp-block-buttons is-layout-flex wp-block-buttons-is-layout-flex\">\n<div class=\"wp-block-button is-style-outline is-style-outline--2\"><a class=\"wp-block-button__link has-text-color has-link-color wp-element-button\" href=\"https:\/\/connectionsnmhi.ualberta.ca\/?page_id=3866\" style=\"color:#cfef00\">Watch the Recording<\/a><\/div>\n<\/div>\n<\/div>\n\n\n\n<div class=\"wp-block-column is-layout-flow wp-block-column-is-layout-flow\">\n<div class=\"wp-block-cover\"><img loading=\"lazy\" decoding=\"async\" width=\"1792\" height=\"1114\" class=\"wp-block-cover__image-background wp-image-3253\" alt=\"\" src=\"https:\/\/connectionsnmhi.ualberta.ca\/wp-content\/uploads\/2024\/08\/15-Thienobenzodiazepine-1-1.jpg\" data-object-fit=\"cover\" srcset=\"https:\/\/connectionsnmhi.ualberta.ca\/wp-content\/uploads\/2024\/08\/15-Thienobenzodiazepine-1-1.jpg 1792w, https:\/\/connectionsnmhi.ualberta.ca\/wp-content\/uploads\/2024\/08\/15-Thienobenzodiazepine-1-1-300x186.jpg 300w, https:\/\/connectionsnmhi.ualberta.ca\/wp-content\/uploads\/2024\/08\/15-Thienobenzodiazepine-1-1-1024x637.jpg 1024w, https:\/\/connectionsnmhi.ualberta.ca\/wp-content\/uploads\/2024\/08\/15-Thienobenzodiazepine-1-1-768x477.jpg 768w, https:\/\/connectionsnmhi.ualberta.ca\/wp-content\/uploads\/2024\/08\/15-Thienobenzodiazepine-1-1-1536x955.jpg 1536w, https:\/\/connectionsnmhi.ualberta.ca\/wp-content\/uploads\/2024\/08\/15-Thienobenzodiazepine-1-1-1568x975.jpg 1568w\" sizes=\"auto, (max-width: 1792px) 100vw, 1792px\" \/><span aria-hidden=\"true\" class=\"wp-block-cover__background has-background-dim-0 has-background-dim\" style=\"background-color:#26503f\"><\/span><div class=\"wp-block-cover__inner-container is-layout-constrained wp-block-cover-is-layout-constrained\">\n<p class=\"has-text-align-center has-large-font-size\"><\/p>\n<\/div><\/div>\n\n\n\n<h4 class=\"wp-block-heading\"><mark style=\"background-color:rgba(0, 0, 0, 0);color:#c7ef00\" class=\"has-inline-color\">CONNECTIONS \u2013 Fibre Fun<\/mark><\/h4>\n\n\n\n<p>On 19th April, CONNECTIONS fibre artists Richard Boulet and Maya Candler hosted a relaxed, collaborative afternoon of <strong>FIBRE FUN<\/strong>, sharing and creation at the Royal Alberta Museum. <\/p>\n\n\n\n<div class=\"wp-block-buttons is-layout-flex wp-block-buttons-is-layout-flex\">\n<div class=\"wp-block-button is-style-outline is-style-outline--3\"><a class=\"wp-block-button__link has-text-color has-link-color wp-element-button\" href=\"https:\/\/connectionsnmhi.ualberta.ca\/?page_id=3916\" style=\"color:#cfef00\">Learn more<\/a><\/div>\n<\/div>\n\n\n\n<p><\/p>\n<\/div>\n<\/div>\n\n\n\n<div class=\"wp-block-columns alignwide is-layout-flex wp-container-core-columns-is-layout-9d6595d7 wp-block-columns-is-layout-flex\">\n<div class=\"wp-block-column is-layout-flow wp-block-column-is-layout-flow\">\n<div class=\"wp-block-cover\"><img loading=\"lazy\" decoding=\"async\" width=\"2750\" height=\"1448\" class=\"wp-block-cover__image-background wp-image-3323 size-full\" alt=\"\" src=\"https:\/\/connectionsnmhi.ualberta.ca\/wp-content\/uploads\/2024\/09\/Screenshot-2024-09-23-at-2.47.27-PM.png\" data-object-fit=\"cover\" srcset=\"https:\/\/connectionsnmhi.ualberta.ca\/wp-content\/uploads\/2024\/09\/Screenshot-2024-09-23-at-2.47.27-PM.png 2750w, https:\/\/connectionsnmhi.ualberta.ca\/wp-content\/uploads\/2024\/09\/Screenshot-2024-09-23-at-2.47.27-PM-300x158.png 300w, https:\/\/connectionsnmhi.ualberta.ca\/wp-content\/uploads\/2024\/09\/Screenshot-2024-09-23-at-2.47.27-PM-1024x539.png 1024w, https:\/\/connectionsnmhi.ualberta.ca\/wp-content\/uploads\/2024\/09\/Screenshot-2024-09-23-at-2.47.27-PM-768x404.png 768w, https:\/\/connectionsnmhi.ualberta.ca\/wp-content\/uploads\/2024\/09\/Screenshot-2024-09-23-at-2.47.27-PM-1536x809.png 1536w, https:\/\/connectionsnmhi.ualberta.ca\/wp-content\/uploads\/2024\/09\/Screenshot-2024-09-23-at-2.47.27-PM-2048x1078.png 2048w, https:\/\/connectionsnmhi.ualberta.ca\/wp-content\/uploads\/2024\/09\/Screenshot-2024-09-23-at-2.47.27-PM-1568x826.png 1568w\" sizes=\"auto, (max-width: 2750px) 100vw, 2750px\" \/><span aria-hidden=\"true\" class=\"wp-block-cover__background has-background-dim-0 has-background-dim\" style=\"background-color:#997865\"><\/span><div class=\"wp-block-cover__inner-container is-layout-constrained wp-block-cover-is-layout-constrained\">\n<p class=\"has-text-align-center has-large-font-size\"><\/p>\n<\/div><\/div>\n\n\n\n<h4 class=\"wp-block-heading\"><mark style=\"background-color:rgba(0, 0, 0, 0);color:#c7ef00\" class=\"has-inline-color\"><mark style=\"background-color:rgba(0, 0, 0, 0);color:#c7ef00\" class=\"has-inline-color\"><mark style=\"background-color:rgba(0, 0, 0, 0);color:#cfef00\" class=\"has-inline-color\">CONNECTIONS &#8211; Virtual Reality Experience<\/mark><\/mark><\/mark><\/h4>\n\n\n\n<p>This event provided an inside look into the minds of artists Maril\u00e8ne Oliver and aAron Munson with <em>T\u00eate \u00e0 T\u00eate<\/em> and <em>Where Are You?<\/em>, two virtual reality artworks created from high resolution CT and MRI scans. These pieces reveal the beauty of neuroscientific imaging while exploring how technologies like machine learning and social media shape our brains and mental health.<\/p>\n<\/div>\n\n\n\n<div class=\"wp-block-column is-layout-flow wp-block-column-is-layout-flow\">\n<div class=\"wp-block-cover\"><img loading=\"lazy\" decoding=\"async\" width=\"1792\" height=\"1114\" class=\"wp-block-cover__image-background wp-image-3253\" alt=\"\" src=\"https:\/\/connectionsnmhi.ualberta.ca\/wp-content\/uploads\/2024\/08\/15-Thienobenzodiazepine-1-1.jpg\" data-object-fit=\"cover\" srcset=\"https:\/\/connectionsnmhi.ualberta.ca\/wp-content\/uploads\/2024\/08\/15-Thienobenzodiazepine-1-1.jpg 1792w, https:\/\/connectionsnmhi.ualberta.ca\/wp-content\/uploads\/2024\/08\/15-Thienobenzodiazepine-1-1-300x186.jpg 300w, https:\/\/connectionsnmhi.ualberta.ca\/wp-content\/uploads\/2024\/08\/15-Thienobenzodiazepine-1-1-1024x637.jpg 1024w, https:\/\/connectionsnmhi.ualberta.ca\/wp-content\/uploads\/2024\/08\/15-Thienobenzodiazepine-1-1-768x477.jpg 768w, https:\/\/connectionsnmhi.ualberta.ca\/wp-content\/uploads\/2024\/08\/15-Thienobenzodiazepine-1-1-1536x955.jpg 1536w, https:\/\/connectionsnmhi.ualberta.ca\/wp-content\/uploads\/2024\/08\/15-Thienobenzodiazepine-1-1-1568x975.jpg 1568w\" sizes=\"auto, (max-width: 1792px) 100vw, 1792px\" \/><span aria-hidden=\"true\" class=\"wp-block-cover__background has-background-dim-0 has-background-dim\" style=\"background-color:#26503f\"><\/span><div class=\"wp-block-cover__inner-container is-layout-constrained wp-block-cover-is-layout-constrained\">\n<p class=\"has-text-align-center has-large-font-size\"><\/p>\n<\/div><\/div>\n\n\n\n<h4 class=\"wp-block-heading\"><mark style=\"background-color:rgba(0, 0, 0, 0);color:#c7ef00\" class=\"has-inline-color\">CONNECTIONS \u2013 Fibre Fun<\/mark><\/h4>\n\n\n\n<p>On 19th April, CONNECTIONS fibre artists Richard Boulet and Maya Candler hosted a relaxed, collaborative afternoon of <strong>FIBRE FUN<\/strong>, sharing and creation at the Royal Alberta Museum. <\/p>\n\n\n\n<div class=\"wp-block-buttons is-layout-flex wp-block-buttons-is-layout-flex\">\n<div class=\"wp-block-button is-style-outline is-style-outline--4\"><a class=\"wp-block-button__link has-text-color has-link-color wp-element-button\" href=\"https:\/\/connectionsnmhi.ualberta.ca\/?page_id=3916\" style=\"color:#cfef00\">Learn more<\/a><\/div>\n<\/div>\n\n\n\n<p><\/p>\n<\/div>\n<\/div>\n\n\n\n<p><\/p>\n","protected":false},"excerpt":{"rendered":"<p>Past Events NMHI Public Lecture \u2013 The Art and Science of Brain Rhythms Scientists Clayton Dickson and Kyle Mathewson, neurologist Janette Mailo, and sound artist Gary James Joynes discussed how rhythms affect our mind and what they can tell us about how the brain works. CONNECTIONS \u2013 Poetry Evening Connections partnered with the UofA Days&hellip; <a class=\"more-link\" href=\"https:\/\/connectionsnmhi.ualberta.ca\/?page_id=3726\">Continue reading <span class=\"screen-reader-text\">Past Events<\/span><\/a><\/p>\n","protected":false},"author":2,"featured_media":0,"parent":0,"menu_order":2,"comment_status":"closed","ping_status":"closed","template":"","meta":{"footnotes":""},"class_list":["post-3726","page","type-page","status-publish","hentry","entry"],"_links":{"self":[{"href":"https:\/\/connectionsnmhi.ualberta.ca\/index.php?rest_route=\/wp\/v2\/pages\/3726","targetHints":{"allow":["GET"]}}],"collection":[{"href":"https:\/\/connectionsnmhi.ualberta.ca\/index.php?rest_route=\/wp\/v2\/pages"}],"about":[{"href":"https:\/\/connectionsnmhi.ualberta.ca\/index.php?rest_route=\/wp\/v2\/types\/page"}],"author":[{"embeddable":true,"href":"https:\/\/connectionsnmhi.ualberta.ca\/index.php?rest_route=\/wp\/v2\/users\/2"}],"replies":[{"embeddable":true,"href":"https:\/\/connectionsnmhi.ualberta.ca\/index.php?rest_route=%2Fwp%2Fv2%2Fcomments&post=3726"}],"version-history":[{"count":71,"href":"https:\/\/connectionsnmhi.ualberta.ca\/index.php?rest_route=\/wp\/v2\/pages\/3726\/revisions"}],"predecessor-version":[{"id":3963,"href":"https:\/\/connectionsnmhi.ualberta.ca\/index.php?rest_route=\/wp\/v2\/pages\/3726\/revisions\/3963"}],"wp:attachment":[{"href":"https:\/\/connectionsnmhi.ualberta.ca\/index.php?rest_route=%2Fwp%2Fv2%2Fmedia&parent=3726"}],"curies":[{"name":"wp","href":"https:\/\/api.w.org\/{rel}","templated":true}]}}