{"id":730,"date":"2022-02-15T23:44:40","date_gmt":"2022-02-15T23:44:02","guid":{"rendered":"https:\/\/connectionsnmhi.ualberta.ca\/?page_id=730"},"modified":"2024-09-24T00:48:52","modified_gmt":"2024-09-24T00:48:52","slug":"vortex-2","status":"publish","type":"page","link":"https:\/\/connectionsnmhi.ualberta.ca\/?page_id=730","title":{"rendered":"Immobile Choreography Beverley Hood"},"content":{"rendered":"\n<hr class=\"wp-block-separator has-text-color has-css-opacity has-background alignwide\" style=\"background-color:#a14a9c;color:#a14a9c\"\/>\n\n\n\n<div class=\"wp-block-columns alignwide is-layout-flex wp-container-core-columns-is-layout-06a40c99 wp-block-columns-is-layout-flex\" style=\"padding-top:2px;padding-right:2px;padding-bottom:2px;padding-left:2px\">\n<div class=\"wp-block-column is-layout-flow wp-block-column-is-layout-flow\" style=\"flex-basis:60%\">\n<figure class=\"wp-block-image alignwide size-full image is-style-twentytwentyone-border\"><img loading=\"lazy\" decoding=\"async\" width=\"750\" height=\"501\" src=\"https:\/\/connectionsnmhi.ualberta.ca\/wp-content\/uploads\/2024\/08\/beverley-hood-immobile-choreography.jpg\" alt=\"still from immobile choregraphy by beverley hood\" class=\"wp-image-3177\" srcset=\"https:\/\/connectionsnmhi.ualberta.ca\/wp-content\/uploads\/2024\/08\/beverley-hood-immobile-choreography.jpg 750w, https:\/\/connectionsnmhi.ualberta.ca\/wp-content\/uploads\/2024\/08\/beverley-hood-immobile-choreography-300x200.jpg 300w\" sizes=\"auto, (max-width: 750px) 100vw, 750px\" \/><\/figure>\n<\/div>\n\n\n\n<div class=\"wp-block-column is-vertically-aligned-bottom is-layout-flow wp-block-column-is-layout-flow\" style=\"flex-basis:40%\">\n<h4 class=\"wp-block-heading\" id=\"vortex\">Immobile Choreography<\/h4>\n\n\n\n<p style=\"line-height:1\"><a href=\"https:\/\/connectionsnmhi.ualberta.ca\/?page_id=3435\">Beverley Hood<\/a><\/p>\n\n\n\n<p class=\"has-extra-small-font-size\" style=\"line-height:1.5\">Video Installation<\/p>\n\n\n\n<p class=\"has-small-font-size\">Immobile Choreography is an art installation that focuses on the potential of imaginatively materialising the body through the FFC-MRI process and apparatus, which makes immaterial our material bodies and brains. The project poetically re-imagines the physical experience of and movement within the parameters of the scanner apparatus.&nbsp;<\/p>\n\n\n\n<p class=\"has-small-font-size\">Immobile Choreography was commissioned by Grampian Hospitals Art Trust in partnership with University of Aberdeen\u2019s Bio Medical Physics department as part of the IDentIFY research project.<\/p>\n<\/div>\n<\/div>\n\n\n\n<div style=\"height:122px\" aria-hidden=\"true\" class=\"wp-block-spacer\"><\/div>\n\n\n\n<div class=\"wp-block-columns alignwide is-layout-flex wp-container-core-columns-is-layout-9d6595d7 wp-block-columns-is-layout-flex\">\n<div class=\"wp-block-column is-layout-flow wp-block-column-is-layout-flow\">\n<div class=\"wp-block-media-text alignwide is-stacked-on-mobile\" style=\"grid-template-columns:15% auto\"><figure class=\"wp-block-media-text__media\"><a href=\"https:\/\/connectionsnmhi.ualberta.ca\/?page_id=763\"><img loading=\"lazy\" decoding=\"async\" width=\"116\" height=\"35\" src=\"https:\/\/connectionsnmhi.ualberta.ca\/wp-content\/uploads\/2022\/03\/arrow-L.png\" alt=\"\" class=\"wp-image-869 size-full\"\/><\/a><\/figure><div class=\"wp-block-media-text__content\">\n<p class=\"has-text-align-left pinkhover italic has-large-font-size\"><a href=\"https:\/\/connectionsnmhi.ualberta.ca\/?page_id=763\" data-type=\"link\" data-id=\"https:\/\/connectionsnmhi.ualberta.ca\/?page_id=763\">Ex Tenebris Lux (Light from Darkness)<\/a><\/p>\n<\/div><\/div>\n<\/div>\n\n\n\n<div class=\"wp-block-column is-layout-flow wp-block-column-is-layout-flow\" style=\"padding-top:0px;padding-right:0px;padding-bottom:0px;padding-left:0px\">\n<div class=\"wp-block-media-text alignwide has-media-on-the-right is-stacked-on-mobile\" style=\"grid-template-columns:auto 15%\"><div class=\"wp-block-media-text__content\">\n<p class=\"has-text-align-right pinkhover italic has-normal-font-size\"><a href=\"https:\/\/connectionsnmhi.ualberta.ca\/?page_id=3183\">T\u00eate \u00e0 T\u00eate<\/a><\/p>\n<\/div><figure class=\"wp-block-media-text__media\"><a href=\"https:\/\/connectionsnmhi.ualberta.ca\/?page_id=3183\"><img loading=\"lazy\" decoding=\"async\" width=\"116\" height=\"35\" src=\"https:\/\/connectionsnmhi.ualberta.ca\/wp-content\/uploads\/2022\/03\/arrow-R-1.png\" alt=\"\" class=\"wp-image-870 size-full\"\/><\/a><\/figure><\/div>\n<\/div>\n<\/div>\n","protected":false},"excerpt":{"rendered":"<p>Immobile Choreography Beverley Hood Video Installation Immobile Choreography is an art installation that focuses on the potential of imaginatively materialising the body through the FFC-MRI process and apparatus, which makes immaterial our material bodies and brains. The project poetically re-imagines the physical experience of and movement within the parameters of the scanner apparatus.&nbsp; Immobile Choreography&hellip; <a class=\"more-link\" href=\"https:\/\/connectionsnmhi.ualberta.ca\/?page_id=730\">Continue reading <span class=\"screen-reader-text\">Immobile Choreography Beverley Hood<\/span><\/a><\/p>\n","protected":false},"author":1,"featured_media":0,"parent":373,"menu_order":2,"comment_status":"closed","ping_status":"closed","template":"","meta":{"footnotes":""},"class_list":["post-730","page","type-page","status-publish","hentry","entry"],"_links":{"self":[{"href":"https:\/\/connectionsnmhi.ualberta.ca\/index.php?rest_route=\/wp\/v2\/pages\/730","targetHints":{"allow":["GET"]}}],"collection":[{"href":"https:\/\/connectionsnmhi.ualberta.ca\/index.php?rest_route=\/wp\/v2\/pages"}],"about":[{"href":"https:\/\/connectionsnmhi.ualberta.ca\/index.php?rest_route=\/wp\/v2\/types\/page"}],"author":[{"embeddable":true,"href":"https:\/\/connectionsnmhi.ualberta.ca\/index.php?rest_route=\/wp\/v2\/users\/1"}],"replies":[{"embeddable":true,"href":"https:\/\/connectionsnmhi.ualberta.ca\/index.php?rest_route=%2Fwp%2Fv2%2Fcomments&post=730"}],"version-history":[{"count":23,"href":"https:\/\/connectionsnmhi.ualberta.ca\/index.php?rest_route=\/wp\/v2\/pages\/730\/revisions"}],"predecessor-version":[{"id":3444,"href":"https:\/\/connectionsnmhi.ualberta.ca\/index.php?rest_route=\/wp\/v2\/pages\/730\/revisions\/3444"}],"up":[{"embeddable":true,"href":"https:\/\/connectionsnmhi.ualberta.ca\/index.php?rest_route=\/wp\/v2\/pages\/373"}],"wp:attachment":[{"href":"https:\/\/connectionsnmhi.ualberta.ca\/index.php?rest_route=%2Fwp%2Fv2%2Fmedia&parent=730"}],"curies":[{"name":"wp","href":"https:\/\/api.w.org\/{rel}","templated":true}]}}