{"id":827,"date":"2022-03-25T04:47:40","date_gmt":"2022-03-25T04:47:24","guid":{"rendered":"https:\/\/connectionsnmhi.ualberta.ca\/?page_id=827"},"modified":"2024-09-24T15:34:52","modified_gmt":"2024-09-24T15:34:52","slug":"vangogh","status":"publish","type":"page","link":"https:\/\/connectionsnmhi.ualberta.ca\/?page_id=827","title":{"rendered":"Light Touch Liz Ingram &amp; Bernd Hildebrandt"},"content":{"rendered":"\n<hr class=\"wp-block-separator has-text-color has-css-opacity has-background alignwide\" style=\"background-color:#a14a9c;color:#a14a9c\"\/>\n\n\n\n<div class=\"wp-block-columns alignwide is-layout-flex wp-container-core-columns-is-layout-06a40c99 wp-block-columns-is-layout-flex\" style=\"padding-top:2px;padding-right:2px;padding-bottom:2px;padding-left:2px\">\n<div class=\"wp-block-column is-layout-flow wp-block-column-is-layout-flow\" style=\"flex-basis:60%\">\n<figure class=\"wp-block-image alignwide size-full image is-style-twentytwentyone-border\"><img loading=\"lazy\" decoding=\"async\" width=\"1240\" height=\"827\" src=\"https:\/\/connectionsnmhi.ualberta.ca\/wp-content\/uploads\/2024\/08\/light-touch.jpg\" alt=\"\" class=\"wp-image-3178\" srcset=\"https:\/\/connectionsnmhi.ualberta.ca\/wp-content\/uploads\/2024\/08\/light-touch.jpg 1240w, https:\/\/connectionsnmhi.ualberta.ca\/wp-content\/uploads\/2024\/08\/light-touch-300x200.jpg 300w, https:\/\/connectionsnmhi.ualberta.ca\/wp-content\/uploads\/2024\/08\/light-touch-1024x683.jpg 1024w, https:\/\/connectionsnmhi.ualberta.ca\/wp-content\/uploads\/2024\/08\/light-touch-768x512.jpg 768w\" sizes=\"auto, (max-width: 1240px) 100vw, 1240px\" \/><\/figure>\n<\/div>\n\n\n\n<div class=\"wp-block-column is-vertically-aligned-bottom is-layout-flow wp-block-column-is-layout-flow\" style=\"flex-basis:40%\">\n<h4 class=\"wp-block-heading has-normal-font-size\" id=\"vortex\">Light Touch <\/h4>\n\n\n\n<p style=\"line-height:1\"><a href=\"https:\/\/connectionsnmhi.ualberta.ca\/?page_id=3462\">Liz Ingram &amp; Bernd Hildebrandt<\/a><\/p>\n\n\n\n<p class=\"has-extra-small-font-size\" style=\"line-height:1.5\">Silk tent<\/p>\n\n\n\n<p class=\"has-small-font-size\">Liz Ingram, University of Alberta Professor Emerita, is an artist whose practice bridges printmaking and installation art. Bernd Hildebrandt is an exhibit display designer, artist and poet. As a collaborative art team, their work centres on the idea of caring for nature and human health. This work, \u201cLight Touch\u201d, encloses the viewer in a silk environment printed with images of hands gently holding MRI brain scans taken from Ingram\u2019s personal ongoing journey with cancer, combined with Bernd\u2019s poetic text. Simultaneously caring and unsettling, the piece reveals emotional dichotomies raised by clinical medical processes and personal human care.<br><\/p>\n<\/div>\n<\/div>\n\n\n\n<div style=\"height:122px\" aria-hidden=\"true\" class=\"wp-block-spacer\"><\/div>\n\n\n\n<div class=\"wp-block-columns alignwide is-layout-flex wp-container-core-columns-is-layout-9d6595d7 wp-block-columns-is-layout-flex\">\n<div class=\"wp-block-column is-layout-flow wp-block-column-is-layout-flow\">\n<div class=\"wp-block-media-text alignwide is-stacked-on-mobile\" style=\"grid-template-columns:15% auto\"><figure class=\"wp-block-media-text__media\"><a href=\"https:\/\/connectionsnmhi.ualberta.ca\/?page_id=3183\"><img loading=\"lazy\" decoding=\"async\" width=\"116\" height=\"35\" src=\"https:\/\/connectionsnmhi.ualberta.ca\/wp-content\/uploads\/2022\/03\/arrow-L.png\" alt=\"\" class=\"wp-image-869 size-full\"\/><\/a><\/figure><div class=\"wp-block-media-text__content\">\n<p class=\"has-text-align-left pinkhover italic has-large-font-size\"><a href=\"https:\/\/connectionsnmhi.ualberta.ca\/?page_id=3183\">T\u00eate \u00e0 T\u00eate<\/a><\/p>\n<\/div><\/div>\n<\/div>\n\n\n\n<div class=\"wp-block-column is-layout-flow wp-block-column-is-layout-flow\" style=\"padding-top:0px;padding-right:0px;padding-bottom:0px;padding-left:0px\">\n<div class=\"wp-block-media-text alignwide has-media-on-the-right is-stacked-on-mobile\" style=\"grid-template-columns:auto 15%\"><div class=\"wp-block-media-text__content\">\n<p class=\"has-text-align-right pinkhover italic has-large-font-size\"><a href=\"https:\/\/connectionsnmhi.ualberta.ca\/?page_id=769\" data-type=\"link\" data-id=\"https:\/\/connectionsnmhi.ualberta.ca\/?page_id=769\">Left Brain-Right Brain<\/a><\/p>\n<\/div><figure class=\"wp-block-media-text__media\"><a href=\"https:\/\/connectionsnmhi.ualberta.ca\/?page_id=769\"><img loading=\"lazy\" decoding=\"async\" width=\"116\" height=\"35\" src=\"https:\/\/connectionsnmhi.ualberta.ca\/wp-content\/uploads\/2022\/03\/arrow-R-1.png\" alt=\"\" class=\"wp-image-870 size-full\"\/><\/a><\/figure><\/div>\n<\/div>\n<\/div>\n","protected":false},"excerpt":{"rendered":"<p>Light Touch Liz Ingram &amp; Bernd Hildebrandt Silk tent Liz Ingram, University of Alberta Professor Emerita, is an artist whose practice bridges printmaking and installation art. Bernd Hildebrandt is an exhibit display designer, artist and poet. As a collaborative art team, their work centres on the idea of caring for nature and human health. This&hellip; <a class=\"more-link\" href=\"https:\/\/connectionsnmhi.ualberta.ca\/?page_id=827\">Continue reading <span class=\"screen-reader-text\">Light Touch Liz Ingram &amp; Bernd Hildebrandt<\/span><\/a><\/p>\n","protected":false},"author":1,"featured_media":0,"parent":373,"menu_order":4,"comment_status":"closed","ping_status":"closed","template":"","meta":{"footnotes":""},"class_list":["post-827","page","type-page","status-publish","hentry","entry"],"_links":{"self":[{"href":"https:\/\/connectionsnmhi.ualberta.ca\/index.php?rest_route=\/wp\/v2\/pages\/827","targetHints":{"allow":["GET"]}}],"collection":[{"href":"https:\/\/connectionsnmhi.ualberta.ca\/index.php?rest_route=\/wp\/v2\/pages"}],"about":[{"href":"https:\/\/connectionsnmhi.ualberta.ca\/index.php?rest_route=\/wp\/v2\/types\/page"}],"author":[{"embeddable":true,"href":"https:\/\/connectionsnmhi.ualberta.ca\/index.php?rest_route=\/wp\/v2\/users\/1"}],"replies":[{"embeddable":true,"href":"https:\/\/connectionsnmhi.ualberta.ca\/index.php?rest_route=%2Fwp%2Fv2%2Fcomments&post=827"}],"version-history":[{"count":18,"href":"https:\/\/connectionsnmhi.ualberta.ca\/index.php?rest_route=\/wp\/v2\/pages\/827\/revisions"}],"predecessor-version":[{"id":3466,"href":"https:\/\/connectionsnmhi.ualberta.ca\/index.php?rest_route=\/wp\/v2\/pages\/827\/revisions\/3466"}],"up":[{"embeddable":true,"href":"https:\/\/connectionsnmhi.ualberta.ca\/index.php?rest_route=\/wp\/v2\/pages\/373"}],"wp:attachment":[{"href":"https:\/\/connectionsnmhi.ualberta.ca\/index.php?rest_route=%2Fwp%2Fv2%2Fmedia&parent=827"}],"curies":[{"name":"wp","href":"https:\/\/api.w.org\/{rel}","templated":true}]}}